{"id":146,"date":"2020-05-10T13:33:45","date_gmt":"2020-05-10T11:33:45","guid":{"rendered":"https:\/\/miammiamreptileandco.fr\/?post_type=product&#038;p=146"},"modified":"2025-08-02T13:51:39","modified_gmt":"2025-08-02T11:51:39","slug":"caille-congelee-a-lunite-200-a-300-gr","status":"publish","type":"product","link":"https:\/\/miammiamreptileandco.fr\/?product=caille-congelee-a-lunite-200-a-300-gr","title":{"rendered":"Caille congel\u00e9e <br> A l&rsquo;unit\u00e9 <br> 200 \u00e0 300 Gr"},"content":{"rendered":"","protected":false},"excerpt":{"rendered":"","protected":false},"featured_media":147,"comment_status":"open","ping_status":"closed","template":"","meta":[],"product_brand":[],"product_cat":[19,27],"product_tag":[],"class_list":{"0":"post-146","1":"product","2":"type-product","3":"status-publish","4":"has-post-thumbnail","6":"product_cat-nourriture-congelee","7":"product_cat-volailles-congelees","9":"first","10":"instock","11":"taxable","12":"shipping-taxable","13":"purchasable","14":"product-type-simple"},"jetpack_sharing_enabled":true,"_links":{"self":[{"href":"https:\/\/miammiamreptileandco.fr\/index.php?rest_route=\/wp\/v2\/product\/146","targetHints":{"allow":["GET"]}}],"collection":[{"href":"https:\/\/miammiamreptileandco.fr\/index.php?rest_route=\/wp\/v2\/product"}],"about":[{"href":"https:\/\/miammiamreptileandco.fr\/index.php?rest_route=\/wp\/v2\/types\/product"}],"replies":[{"embeddable":true,"href":"https:\/\/miammiamreptileandco.fr\/index.php?rest_route=%2Fwp%2Fv2%2Fcomments&post=146"}],"wp:featuredmedia":[{"embeddable":true,"href":"https:\/\/miammiamreptileandco.fr\/index.php?rest_route=\/wp\/v2\/media\/147"}],"wp:attachment":[{"href":"https:\/\/miammiamreptileandco.fr\/index.php?rest_route=%2Fwp%2Fv2%2Fmedia&parent=146"}],"wp:term":[{"taxonomy":"product_brand","embeddable":true,"href":"https:\/\/miammiamreptileandco.fr\/index.php?rest_route=%2Fwp%2Fv2%2Fproduct_brand&post=146"},{"taxonomy":"product_cat","embeddable":true,"href":"https:\/\/miammiamreptileandco.fr\/index.php?rest_route=%2Fwp%2Fv2%2Fproduct_cat&post=146"},{"taxonomy":"product_tag","embeddable":true,"href":"https:\/\/miammiamreptileandco.fr\/index.php?rest_route=%2Fwp%2Fv2%2Fproduct_tag&post=146"}],"curies":[{"name":"wp","href":"https:\/\/api.w.org\/{rel}","templated":true}]}}