{"id":4992,"date":"2025-12-20T04:27:55","date_gmt":"2025-12-20T03:27:55","guid":{"rendered":"https:\/\/miammiamreptileandco.fr\/?post_type=product&#038;p=4992"},"modified":"2025-12-20T05:41:02","modified_gmt":"2025-12-20T04:41:02","slug":"souris-foetus-congelees-en-sac-de-25-2","status":"publish","type":"product","link":"https:\/\/miammiamreptileandco.fr\/?product=souris-foetus-congelees-en-sac-de-25-2","title":{"rendered":"Souris f\u0153tus congel\u00e9es <br> 1 \u00e0 2 Gr (2 jours) <br> En sachet de 25"},"content":{"rendered":"<h2><strong><span class=\"_5yl5\">Apport nutritionnel :<\/span><\/strong><\/h2>\n<p>Prot\u00e9ines brutes : 12 % \/ Mati\u00e8res grasses : 27 % \/ Humidit\u00e9 : 82 %<\/p>\n<p><em><span style=\"color: #ff0000;\"><strong>ATTENTION : ce produit n\u00e9cessite un enregistrement<\/strong><\/span><\/em><\/p>\n<p><em><span style=\"color: #ff0000;\">Ces produits sont r\u00e9serv\u00e9s aux personnes d\u00e9tenant une autorisation et un enregistrement conform\u00e9ment \u00e0 l\u2019article 18 du r\u00e8glement 1069\/2009.<br \/>\nSi vous poss\u00e9dez cette autorisation, veuillez nous communiquer votre num\u00e9ro d\u2019enregistrement pour que nous puissions le renseigner dans votre fiche client et ainsi vous permettre d\u2019acheter ces produits destin\u00e9s \u00e0 l&rsquo;alimentation animale.<br \/>\n\u00c0 d\u00e9faut, contactez directement votre DDPP ou DDCSPP d\u00e9partementale afin d\u2019obtenir le document requis.<\/span><\/em><\/p>\n<p><strong><em><span style=\"color: #ff0000;\">Sans ce document, il est impossible de commander ces produits.<\/span><\/em><\/strong><\/p>\n","protected":false},"excerpt":{"rendered":"<p>Apport nutritionnel : Prot\u00e9ines brutes : 12 % \/ Mati\u00e8res grasses : 27 % \/ Humidit\u00e9 : 82 % ATTENTION : ce produit n\u00e9cessite un enregistrement Ces produits sont r\u00e9serv\u00e9s aux personnes d\u00e9tenant une autorisation et un enregistrement conform\u00e9ment \u00e0 l\u2019article 18 du r\u00e8glement 1069\/2009. Si vous poss\u00e9dez cette autorisation, veuillez nous communiquer votre num\u00e9ro [&hellip;]<\/p>\n","protected":false},"featured_media":62,"comment_status":"open","ping_status":"closed","template":"","meta":[],"product_brand":[],"product_cat":[19,20],"product_tag":[],"class_list":{"0":"post-4992","1":"product","2":"type-product","3":"status-publish","4":"has-post-thumbnail","6":"product_cat-nourriture-congelee","7":"product_cat-souris-congelees","9":"first","10":"instock","11":"taxable","12":"shipping-taxable","13":"purchasable","14":"product-type-simple"},"jetpack_sharing_enabled":true,"_links":{"self":[{"href":"https:\/\/miammiamreptileandco.fr\/index.php?rest_route=\/wp\/v2\/product\/4992","targetHints":{"allow":["GET"]}}],"collection":[{"href":"https:\/\/miammiamreptileandco.fr\/index.php?rest_route=\/wp\/v2\/product"}],"about":[{"href":"https:\/\/miammiamreptileandco.fr\/index.php?rest_route=\/wp\/v2\/types\/product"}],"replies":[{"embeddable":true,"href":"https:\/\/miammiamreptileandco.fr\/index.php?rest_route=%2Fwp%2Fv2%2Fcomments&post=4992"}],"wp:featuredmedia":[{"embeddable":true,"href":"https:\/\/miammiamreptileandco.fr\/index.php?rest_route=\/wp\/v2\/media\/62"}],"wp:attachment":[{"href":"https:\/\/miammiamreptileandco.fr\/index.php?rest_route=%2Fwp%2Fv2%2Fmedia&parent=4992"}],"wp:term":[{"taxonomy":"product_brand","embeddable":true,"href":"https:\/\/miammiamreptileandco.fr\/index.php?rest_route=%2Fwp%2Fv2%2Fproduct_brand&post=4992"},{"taxonomy":"product_cat","embeddable":true,"href":"https:\/\/miammiamreptileandco.fr\/index.php?rest_route=%2Fwp%2Fv2%2Fproduct_cat&post=4992"},{"taxonomy":"product_tag","embeddable":true,"href":"https:\/\/miammiamreptileandco.fr\/index.php?rest_route=%2Fwp%2Fv2%2Fproduct_tag&post=4992"}],"curies":[{"name":"wp","href":"https:\/\/api.w.org\/{rel}","templated":true}]}}